{"id":71,"date":"2024-12-26T17:59:15","date_gmt":"2024-12-26T17:59:15","guid":{"rendered":"https:\/\/epsilonpkg.com\/es\/?page_id=71"},"modified":"2025-07-03T14:59:49","modified_gmt":"2025-07-03T14:59:49","slug":"contactanos","status":"publish","type":"page","link":"https:\/\/epsilonpkg.com\/es\/contactanos\/","title":{"rendered":"Cont\u00e1ctanos"},"content":{"rendered":"<div id=\"dslc-main\">\n\t\t<div  class=\"dslc-modules-section  dslc-init-parallax dslc-hide-on-desktop dslc-hide-on-tablet dslc-hide-on-phone \" style=\"background-image:url(https:\/\/epsilonpkg.com\/es\/wp-content\/uploads\/2024\/12\/Cling-Wrap-Food-plastic-wrap-product.png);background-repeat:no-repeat;background-position:center center;background-attachment:parallax;background-size:cover;\" data-section-id=\"2df16e9102a\">\n\n\t\t\t\t<div class=\"dslc-bg-video dslc-force-show\"><div class=\"dslc-bg-video-overlay\" style=\"background-color:#152644; opacity:0.85; \"><\/div><\/div>\n\n\t\t\t\t<div class=\"dslc-modules-section-wrapper dslc-clearfix\"><div class=\"dslc-modules-area dslc-col dslc-12-col dslc-last-col\" data-size=\"12\">\n\t\t<div id=\"dslc-module-da6ee441041\" class=\"dslc-module-front dslc-module-DSLC_Text_Simple dslc-in-viewport-check dslc-in-viewport-anim-none  dslc-col dslc-12-col dslc-last-col  dslc-module-handle-like-regular \" data-module-id=\"da6ee441041\" data-dslc-module-id=\"DSLC_Text_Simple\" data-dslc-module-size=\"12\" data-dslc-anim=\"none\" data-dslc-anim-delay=\"\" data-dslc-anim-duration=\"650\"  data-dslc-anim-easing=\"ease\" data-dslc-preset=\"none\" >\n\n\t\t\t\n\t\t\t\n\t\t<div class=\"dslc-text-module-content\"><h2><b>Estamos listos para atenderte<\/b><\/h2><h1>\u00a1Cont\u00e1ctanos!<\/h1><\/div>\n\t\t\t\t<\/div><!-- .dslc-module -->\n\t\t<\/div><\/div><\/div>\n\t\t<div  class=\"dslc-modules-section \" style=\"background-color:rgba(239,239,239,0.72);padding-bottom:30px;padding-top:30px;\" data-section-id=\"e36d5cecb2b\">\n\n\t\t\t\t\n\n\t\t\t\t<div class=\"dslc-modules-section-wrapper dslc-clearfix\"><div class=\"dslc-modules-area dslc-col dslc-6-col dslc-first-col\" data-size=\"6\">\n\t\t<div id=\"dslc-module-29lmkvd6nq\" class=\"dslc-module-front dslc-module-DSLC_Text_Simple dslc-in-viewport-check dslc-in-viewport-anim-none  dslc-col dslc-12-col dslc-last-col  dslc-module-handle-like-regular \" data-module-id=\"29lmkvd6nq\" data-dslc-module-id=\"DSLC_Text_Simple\" data-dslc-module-size=\"12\" data-dslc-anim=\"none\" data-dslc-anim-delay=\"\" data-dslc-anim-duration=\"650\"  data-dslc-anim-easing=\"ease\" data-dslc-preset=\"none\" >\n\n\t\t\t\n\t\t\t\n\t\t<div class=\"dslc-text-module-content\"><h4>\u00bfPara qu\u00e9 pa\u00eds requieres informaci\u00f3n?<\/h4><\/div>\n\t\t\t\t<\/div><!-- .dslc-module -->\n\t\t\n\t\t<div id=\"dslc-module-140c38490c7\" class=\"dslc-module-front dslc-module-DSLC_Separator dslc-in-viewport-check dslc-in-viewport-anim-none  dslc-col dslc-3-col  dslc-module-handle-like-regular \" data-module-id=\"140c38490c7\" data-dslc-module-id=\"DSLC_Separator\" data-dslc-module-size=\"3\" data-dslc-anim=\"none\" data-dslc-anim-delay=\"0\" data-dslc-anim-duration=\"650\"  data-dslc-anim-easing=\"ease\" data-dslc-preset=\"none\" >\n\n\t\t\t\n\t\t\t\n\t\t\t\t\t<div class=\"dslc-separator-wrapper\">\n\t\t\t\t<div class=\"dslc-separator dslc-separator-style-invisible\">\n\t\t\t\t\t\t\t\t\t<\/div>\n\t\t\t\t<div><\/div>\n\t\t\t<\/div><!-- .dslc-separator-wrapper -->\n\t\t\t\n\t\t\t\t<\/div><!-- .dslc-module -->\n\t\t\n\t\t<div id=\"dslc-module-5a25491fb1f\" class=\"dslc-module-front dslc-module-DSLC_Html dslc-in-viewport-check dslc-in-viewport-anim-none  dslc-col dslc-6-col  dslc-module-handle-like-regular \" data-module-id=\"5a25491fb1f\" data-dslc-module-id=\"DSLC_Html\" data-dslc-module-size=\"6\" data-dslc-anim=\"none\" data-dslc-anim-delay=\"0\" data-dslc-anim-duration=\"650\"  data-dslc-anim-easing=\"ease\" data-dslc-preset=\"none\" >\n\n\t\t\t\n\t\t\t\n\t\t<div class=\"dslc-html-module-content\"><div class=\"botones-pais\">\n  <button class=\"btn-gt\">Guatemala<\/button>\n  <button class=\"btn-world\">Resto del mundo<\/button>\n<\/div><\/div>\n\t\t\t\t<\/div><!-- .dslc-module -->\n\t\t\n\t\t<div id=\"dslc-module-91fee024709\" class=\"dslc-module-front dslc-module-DSLC_Html dslc-in-viewport-check dslc-in-viewport-anim-none  dslc-col dslc-12-col  dslc-module-handle-like-regular \" data-module-id=\"91fee024709\" data-dslc-module-id=\"DSLC_Html\" data-dslc-module-size=\"12\" data-dslc-anim=\"none\" data-dslc-anim-delay=\"0\" data-dslc-anim-duration=\"650\"  data-dslc-anim-easing=\"ease\" data-dslc-preset=\"none\" >\n\n\t\t\t\n\t\t\t\n\t\t<div class=\"dslc-html-module-content\"><div class=\"form-gt\">\n  <script src=\"https:\/\/js.hsforms.net\/forms\/embed\/48578531.js\" defer><\/script>\n  <div class=\"hs-form-frame\" data-region=\"na1\" data-form-id=\"578b39a4-f1e4-46c1-ad46-634ae1c9b115\" data-portal-id=\"48578531\"><\/div>\n<\/div><\/div>\n\t\t\t\t<\/div><!-- .dslc-module -->\n\t\t\n\t\t<div id=\"dslc-module-5v13jlga60o\" class=\"dslc-module-front dslc-module-DSLC_Html dslc-in-viewport-check dslc-in-viewport-anim-none  dslc-col dslc-12-col  dslc-module-handle-like-regular \" data-module-id=\"5v13jlga60o\" data-dslc-module-id=\"DSLC_Html\" data-dslc-module-size=\"12\" data-dslc-anim=\"none\" data-dslc-anim-delay=\"0\" data-dslc-anim-duration=\"650\"  data-dslc-anim-easing=\"ease\" data-dslc-preset=\"none\" >\n\n\t\t\t\n\t\t\t\n\t\t<div class=\"dslc-html-module-content\"><div class=\"form-world\">\n  <script src=\"https:\/\/js.hsforms.net\/forms\/embed\/48578531.js\" defer><\/script>\n  <div class=\"hs-form-frame\" data-region=\"na1\" data-form-id=\"9348ffa9-0374-466a-8591-a348ec694174\" data-portal-id=\"48578531\"><\/div>\n<\/div><\/div>\n\t\t\t\t<\/div><!-- .dslc-module -->\n\t\t<\/div><div class=\"dslc-modules-area dslc-col dslc-6-col dslc-last-col\" data-size=\"6\">\n\t\t<div id=\"dslc-module-532bf1d8775\" class=\"dslc-module-front dslc-module-DSLC_Info_Box dslc-in-viewport-check dslc-in-viewport-anim-none  dslc-col dslc-12-col dslc-last-col  dslc-module-handle-like-regular \" data-module-id=\"532bf1d8775\" data-dslc-module-id=\"DSLC_Info_Box\" data-dslc-module-size=\"12\" data-dslc-anim=\"none\" data-dslc-anim-delay=\"\" data-dslc-anim-duration=\"650\"  data-dslc-anim-easing=\"ease\" data-dslc-preset=\"none\" >\n\n\t\t\t\n\t\t\t\n\t\t\n\t\t\t<div class=\"dslc-info-box dslc-info-box-icon-pos-aside dslc-info-box-image-pos-above\">\n\n\t\t\t\t<div class=\"dslc-info-box-wrapper\">\n\n\t\t\t\t\t\n\t\t\t\t\t<div class=\"dslc-info-box-main-wrap dslc-clearfix\">\n\n\t\t\t\t\t\t\t\t\t\t\t\t\t<div class=\"dslc-info-box-image\">\n\t\t\t\t\t\t\t\t<div class=\"dslc-info-box-image-inner\">\n\t\t\t\t\t\t\t\t\t\t\t\t\t\t\t\t\t\t\t<span class=\"dslc-icon dslc-icon-envelope\"><\/span>\t\n\t\t\t\t\t\t\t\t\t\t\t\t\t\t\t\t\t\t\t\t\t\t\t\t\t\t<\/div><!-- .dslc-info-box-image-inner -->\n\t\t\t\t\t\t\t<\/div><!-- .dslc-info-box-image -->\n\t\t\t\t\t\t\n\t\t\t\t\t\t\n\t\t\t\t\t\t<div class=\"dslc-info-box-main\">\n\n\t\t\t\t\t\t\t\t\t\t\t\t\t\t\t<div class=\"dslc-info-box-title\">\n\t\t\t\t\t\t\t\t\t\t\t\t\t\t\t\t\t\t\t\t\t\t\t\t\t\t\t\t\t\t<h4 >Nuestro correo electr\u00f3nico<\/h4>\n\t\t\t\t\t\t\t\t\t\t\t\t\t\t\t\t\t\t\t\t\t\t\t\t\t\t\t<\/div><!-- .dslc-info-box-title -->\n\t\t\t\t\t\t\t\n\t\t\t\t\t\t\t\t\t\t\t\t\t\t\t<div class=\"dslc-info-box-content\">\n\t\t\t\t\t\t\t\t\t\t\t\t\t\t\t\t\t\t\t<p><a href=\"mailto:sales@epsilonpkg.com\" target=\"_blank\" rel=\"noopener\">sales@epsilonpkg.com<\/a><\/p>\t\t\t\t\t\t\t\t\t\t\t\t\t\t\t\t\t<\/div><!-- .dslc-info-box-content -->\n\t\t\t\t\t\t\t\n\t\t\t\t\t\t\t\n\t\t\t\t\t\t<\/div><!-- .dslc-info-box-main -->\n\n\t\t\t\t\t<\/div><!-- .dslc-info-box-main-wrap -->\n\n\t\t\t\t<\/div><!-- .dslc-info-box-wrapper -->\n\n\t\t\t<\/div><!-- .dslc-info-box -->\n\n\t\t\n\t\t\t\t<\/div><!-- .dslc-module -->\n\t\t\n\t\t<div id=\"dslc-module-1f5219cfa17\" class=\"dslc-module-front dslc-module-DSLC_Info_Box dslc-in-viewport-check dslc-in-viewport-anim-none  dslc-col dslc-12-col dslc-last-col  dslc-module-handle-like-regular \" data-module-id=\"1f5219cfa17\" data-dslc-module-id=\"DSLC_Info_Box\" data-dslc-module-size=\"12\" data-dslc-anim=\"none\" data-dslc-anim-delay=\"\" data-dslc-anim-duration=\"650\"  data-dslc-anim-easing=\"ease\" data-dslc-preset=\"none\" >\n\n\t\t\t\n\t\t\t\n\t\t\n\t\t\t<div class=\"dslc-info-box dslc-info-box-icon-pos-aside dslc-info-box-image-pos-above\">\n\n\t\t\t\t<div class=\"dslc-info-box-wrapper\">\n\n\t\t\t\t\t\n\t\t\t\t\t<div class=\"dslc-info-box-main-wrap dslc-clearfix\">\n\n\t\t\t\t\t\t\t\t\t\t\t\t\t<div class=\"dslc-info-box-image\">\n\t\t\t\t\t\t\t\t<div class=\"dslc-info-box-image-inner\">\n\t\t\t\t\t\t\t\t\t\t\t\t\t\t\t\t\t\t\t<span class=\"dslc-icon dslc-icon-phone\"><\/span>\t\n\t\t\t\t\t\t\t\t\t\t\t\t\t\t\t\t\t\t\t\t\t\t\t\t\t\t<\/div><!-- .dslc-info-box-image-inner -->\n\t\t\t\t\t\t\t<\/div><!-- .dslc-info-box-image -->\n\t\t\t\t\t\t\n\t\t\t\t\t\t\n\t\t\t\t\t\t<div class=\"dslc-info-box-main\">\n\n\t\t\t\t\t\t\t\t\t\t\t\t\t\t\t<div class=\"dslc-info-box-title\">\n\t\t\t\t\t\t\t\t\t\t\t\t\t\t\t\t\t\t\t\t\t\t\t\t\t\t\t\t\t\t<h4 >Ll\u00e1manos<\/h4>\n\t\t\t\t\t\t\t\t\t\t\t\t\t\t\t\t\t\t\t\t\t\t\t\t\t\t\t<\/div><!-- .dslc-info-box-title -->\n\t\t\t\t\t\t\t\n\t\t\t\t\t\t\t\t\t\t\t\t\t\t\t<div class=\"dslc-info-box-content\">\n\t\t\t\t\t\t\t\t\t\t\t\t\t\t\t\t\t\t\t<p><a href=\"tel:+50231288779\">+502 3128 8779<\/a><\/p>\t\t\t\t\t\t\t\t\t\t\t\t\t\t\t\t\t<\/div><!-- .dslc-info-box-content -->\n\t\t\t\t\t\t\t\n\t\t\t\t\t\t\t\n\t\t\t\t\t\t<\/div><!-- .dslc-info-box-main -->\n\n\t\t\t\t\t<\/div><!-- .dslc-info-box-main-wrap -->\n\n\t\t\t\t<\/div><!-- .dslc-info-box-wrapper -->\n\n\t\t\t<\/div><!-- .dslc-info-box -->\n\n\t\t\n\t\t\t\t<\/div><!-- .dslc-module -->\n\t\t<\/div><\/div><\/div>\n\t\t<div  class=\"dslc-modules-section \" style=\"background-color:#8da9bc;padding-bottom:40px;padding-top:40px;\" data-section-id=\"56e5c629883\">\n\n\t\t\t\t\n\n\t\t\t\t<div class=\"dslc-modules-section-wrapper dslc-clearfix\"><div class=\"dslc-modules-area dslc-col dslc-12-col dslc-last-col\" data-size=\"12\">\n\t\t<div id=\"dslc-module-69i7fsm6e1c\" class=\"dslc-module-front dslc-module-DSLC_Text_Simple dslc-in-viewport-check dslc-in-viewport-anim-none  dslc-col dslc-12-col dslc-last-col  dslc-module-handle-like-regular \" data-module-id=\"69i7fsm6e1c\" data-dslc-module-id=\"DSLC_Text_Simple\" data-dslc-module-size=\"12\" data-dslc-anim=\"none\" data-dslc-anim-delay=\"\" data-dslc-anim-duration=\"650\"  data-dslc-anim-easing=\"ease\" data-dslc-preset=\"none\" >\n\n\t\t\t\n\t\t\t\n\t\t<div class=\"dslc-text-module-content\"><h4>Equipo de <strong>Ventas<\/strong><\/h4><\/div>\n\t\t\t\t<\/div><!-- .dslc-module -->\n\t\t\n\t\t<div id=\"dslc-module-f25e7958900\" class=\"dslc-module-front dslc-module-DSLC_Html dslc-in-viewport-check dslc-in-viewport-anim-none  dslc-col dslc-12-col dslc-last-col  dslc-module-handle-like-regular \" data-module-id=\"f25e7958900\" data-dslc-module-id=\"DSLC_Html\" data-dslc-module-size=\"12\" data-dslc-anim=\"none\" data-dslc-anim-delay=\"\" data-dslc-anim-duration=\"650\"  data-dslc-anim-easing=\"ease\" data-dslc-preset=\"none\" >\n\n\t\t\t\n\t\t\t\n\t\t<div class=\"dslc-html-module-content\"><style>\n.epsilon-sales-grid {\n  display: grid;\n  grid-template-columns: repeat(3, 1fr);\n  gap: 28px;\n  max-width: 1200px;\n  margin: 0 auto;\n}\n\n.epsilon-sales-card {\n  background: #ffffff;\n  border-radius: 18px;\n  padding: 26px 22px 28px;\n  text-align: center;\n  box-shadow: 0 14px 38px rgba(10,23,46,0.06);\n  transition: transform .25s ease, box-shadow .25s ease;\n}\n\n.epsilon-sales-card:hover {\n  transform: translateY(-4px);\n  box-shadow: 0 20px 46px rgba(10,23,46,0.16);\n}\n\n.epsilon-sales-photo {\n  width: 100%;\n  height: auto;\n  display: block;\n  margin: 0 auto 14px;\n border-radius: 18px;\n}\n\n.epsilon-sales-name {\n  margin: 0 0 6px;\n  font-size: 20px;\n  font-weight: 600;\n  color: #0f2f36;\n}\n\n.epsilon-sales-area {\n  margin: 0 0 12px;\n  font-size: 14px;\n  font-weight: 600;\n  color: #1a42cd;\n}\n\n.epsilon-sales-email,\n.epsilon-sales-phone {\n  margin: 0;\n  font-size: 14px;\n  line-height: 1.5;\n}\n\n.epsilon-sales-email a,\n.epsilon-sales-phone a {\n  color: #37626b;\n  text-decoration: none;\n}\n\n.epsilon-sales-email a:hover,\n.epsilon-sales-phone a:hover {\n  text-decoration: underline;\n}\n\n.epsilon-sales-icons {\n  display: flex;\n  justify-content: center;\n  gap: 14px;\n  margin-top: 12px;\n}\n\n.epsilon-sales-icons img {\n  width: 26px;\n  height: 26px;\n  transition: transform .2s ease, opacity .2s ease;\n}\n\n.epsilon-sales-icons a:hover img {\n  transform: scale(1.12);\n  opacity: 1;\n}\n\n@media (max-width: 768px) {\n  .epsilon-sales-grid {\n    display: flex;\n    gap: 18px;\n    overflow-x: auto;\n    padding: 10px 6px 20px;\n    scroll-snap-type: x mandatory;\n  }\n\n  .epsilon-sales-card {\n    min-width: 260px;\n    flex: 0 0 auto;\n    scroll-snap-align: start;\n  }\n\n  .epsilon-sales-photo {\n    width: 250px;\n  }\n}\n<\/style>\n\n<div class=\"epsilon-sales-grid\">\n\n  <!-- Ileana Iglesias -->\n  <div class=\"epsilon-sales-card\">\n    <img class=\"epsilon-sales-photo\" src=\"https:\/\/epsilonpkg.com\/es\/wp-content\/uploads\/2026\/03\/Ileana-Iglesias-Epsilon-PKG-Sales-Manager.webp\" alt=\"Ileana Iglesias\">\n    <h3 class=\"epsilon-sales-name\">Ileana Iglesias<\/h3>\n    <h4 class=\"epsilon-sales-area\">Gerente comercial<\/h4>\n    <p class=\"epsilon-sales-email\"><a href=\"mailto:ileana.iglesias@epsilonpkg.com\">ileana.iglesias@epsilonpkg.com<\/a><\/p>\n    <p class=\"epsilon-sales-phone\"><a href=\"tel:+50231288779\">+502 3128 8779<\/a><\/p>\n    <div class=\"epsilon-sales-icons\">\n      <a href=\"https:\/\/wa.me\/50231288779\" target=\"_blank\" rel=\"noopener\">\n        <img src=\"https:\/\/ecoplanetbags.com\/wp-content\/uploads\/2026\/02\/whatsapp-ecoplanet-bags-sales-contact.webp\" alt=\"WhatsApp\">\n      <\/a>\n    <\/div>\n  <\/div>\n\n  <!-- Marie Beltethon -->\n  <div class=\"epsilon-sales-card\">\n    <img class=\"epsilon-sales-photo\" src=\"https:\/\/epsilonpkg.com\/es\/wp-content\/uploads\/2026\/03\/Marie-Beltethon-Epsilon-PKG.webp\" alt=\"Marie Beltethon\">\n    <h3 class=\"epsilon-sales-name\">Marie Beltethon<\/h3>\n    <h4 class=\"epsilon-sales-area\">KAM North America<\/h4>\n    <p class=\"epsilon-sales-email\"><a href=\"mailto:marie.beltethon@epsilonpkg.com\">marie.beltethon@epsilonpkg.com<\/a><\/p>\n    <p class=\"epsilon-sales-phone\"><a href=\"tel:+13477913429\">+1 (347) 791-3429<\/a><\/p>\n    <div class=\"epsilon-sales-icons\">\n      <a href=\"https:\/\/wa.me\/13477913429\" target=\"_blank\" rel=\"noopener\">\n        <img src=\"https:\/\/ecoplanetbags.com\/wp-content\/uploads\/2026\/02\/whatsapp-ecoplanet-bags-sales-contact.webp\" alt=\"WhatsApp\">\n      <\/a>\n    <\/div>\n  <\/div>\n\n<\/div><\/div>\n\t\t\t\t<\/div><!-- .dslc-module -->\n\t\t<\/div><\/div><\/div><\/div>","protected":false},"excerpt":{"rendered":"<p>Estamos listos para atenderte\u00a1Cont\u00e1ctanos! \u00bfPara qu\u00e9 pa\u00eds requieres informaci\u00f3n? Guatemala Resto del mundo Nuestro correo electr\u00f3nico sales@epsilonpkg.com Ll\u00e1manos +502 3128 8779 Equipo de Ventas Ileana Iglesias Gerente comercial ileana.iglesias@epsilonpkg.com +502 3128 8779 Marie Beltethon KAM North America marie.beltethon@epsilonpkg.com +1 (347) 791-3429<\/p>\n","protected":false},"author":1,"featured_media":0,"parent":0,"menu_order":0,"comment_status":"closed","ping_status":"closed","template":"","meta":{"content-type":"","footnotes":""},"class_list":["post-71","page","type-page","status-publish","hentry"],"yoast_head":"<!-- This site is optimized with the Yoast SEO plugin v24.9 - https:\/\/yoast.com\/wordpress\/plugins\/seo\/ -->\n<title>Cont\u00e1ctanos - Epsilon<\/title>\n<meta name=\"robots\" content=\"index, follow, max-snippet:-1, max-image-preview:large, max-video-preview:-1\" \/>\n<link rel=\"canonical\" href=\"https:\/\/epsilonpkg.com\/es\/contactanos\/\" \/>\n<meta property=\"og:locale\" content=\"es_ES\" \/>\n<meta property=\"og:type\" content=\"article\" \/>\n<meta property=\"og:title\" content=\"Cont\u00e1ctanos - Epsilon\" \/>\n<meta property=\"og:description\" content=\"Estamos listos para atenderte\u00a1Cont\u00e1ctanos! \u00bfPara qu\u00e9 pa\u00eds requieres informaci\u00f3n? Guatemala Resto del mundo Nuestro correo electr\u00f3nico sales@epsilonpkg.com Ll\u00e1manos +502 3128 8779 Equipo de Ventas Ileana Iglesias Gerente comercial ileana.iglesias@epsilonpkg.com +502 3128 8779 Marie Beltethon KAM North America marie.beltethon@epsilonpkg.com +1 (347) 791-3429\" \/>\n<meta property=\"og:url\" content=\"https:\/\/epsilonpkg.com\/es\/contactanos\/\" \/>\n<meta property=\"og:site_name\" content=\"Epsilon\" \/>\n<meta property=\"article:modified_time\" content=\"2025-07-03T14:59:49+00:00\" \/>\n<meta name=\"twitter:card\" content=\"summary_large_image\" \/>\n<meta name=\"twitter:label1\" content=\"Tiempo de lectura\" \/>\n\t<meta name=\"twitter:data1\" content=\"1 minuto\" \/>\n<script type=\"application\/ld+json\" class=\"yoast-schema-graph\">{\"@context\":\"https:\/\/schema.org\",\"@graph\":[{\"@type\":\"WebPage\",\"@id\":\"https:\/\/epsilonpkg.com\/es\/contactanos\/\",\"url\":\"https:\/\/epsilonpkg.com\/es\/contactanos\/\",\"name\":\"Cont\u00e1ctanos - Epsilon\",\"isPartOf\":{\"@id\":\"https:\/\/epsilonpkg.com\/es\/#website\"},\"datePublished\":\"2024-12-26T17:59:15+00:00\",\"dateModified\":\"2025-07-03T14:59:49+00:00\",\"breadcrumb\":{\"@id\":\"https:\/\/epsilonpkg.com\/es\/contactanos\/#breadcrumb\"},\"inLanguage\":\"es\",\"potentialAction\":[{\"@type\":\"ReadAction\",\"target\":[\"https:\/\/epsilonpkg.com\/es\/contactanos\/\"]}]},{\"@type\":\"BreadcrumbList\",\"@id\":\"https:\/\/epsilonpkg.com\/es\/contactanos\/#breadcrumb\",\"itemListElement\":[{\"@type\":\"ListItem\",\"position\":1,\"name\":\"Portada\",\"item\":\"https:\/\/epsilonpkg.com\/es\/\"},{\"@type\":\"ListItem\",\"position\":2,\"name\":\"Cont\u00e1ctanos\"}]},{\"@type\":\"WebSite\",\"@id\":\"https:\/\/epsilonpkg.com\/es\/#website\",\"url\":\"https:\/\/epsilonpkg.com\/es\/\",\"name\":\"Epsilon\",\"description\":\"Soluciones de Empaque\",\"publisher\":{\"@id\":\"https:\/\/epsilonpkg.com\/es\/#organization\"},\"potentialAction\":[{\"@type\":\"SearchAction\",\"target\":{\"@type\":\"EntryPoint\",\"urlTemplate\":\"https:\/\/epsilonpkg.com\/es\/?s={search_term_string}\"},\"query-input\":{\"@type\":\"PropertyValueSpecification\",\"valueRequired\":true,\"valueName\":\"search_term_string\"}}],\"inLanguage\":\"es\"},{\"@type\":\"Organization\",\"@id\":\"https:\/\/epsilonpkg.com\/es\/#organization\",\"name\":\"Epsilon\",\"url\":\"https:\/\/epsilonpkg.com\/es\/\",\"logo\":{\"@type\":\"ImageObject\",\"inLanguage\":\"es\",\"@id\":\"https:\/\/epsilonpkg.com\/es\/#\/schema\/logo\/image\/\",\"url\":\"https:\/\/epsilonpkg.com\/es\/wp-content\/uploads\/2024\/12\/cropped-Logo-Epsilon-blanco.png\",\"contentUrl\":\"https:\/\/epsilonpkg.com\/es\/wp-content\/uploads\/2024\/12\/cropped-Logo-Epsilon-blanco.png\",\"width\":1200,\"height\":550,\"caption\":\"Epsilon\"},\"image\":{\"@id\":\"https:\/\/epsilonpkg.com\/es\/#\/schema\/logo\/image\/\"}}]}<\/script>\n<!-- \/ Yoast SEO plugin. -->","yoast_head_json":{"title":"Cont\u00e1ctanos - Epsilon","robots":{"index":"index","follow":"follow","max-snippet":"max-snippet:-1","max-image-preview":"max-image-preview:large","max-video-preview":"max-video-preview:-1"},"canonical":"https:\/\/epsilonpkg.com\/es\/contactanos\/","og_locale":"es_ES","og_type":"article","og_title":"Cont\u00e1ctanos - Epsilon","og_description":"Estamos listos para atenderte\u00a1Cont\u00e1ctanos! \u00bfPara qu\u00e9 pa\u00eds requieres informaci\u00f3n? Guatemala Resto del mundo Nuestro correo electr\u00f3nico sales@epsilonpkg.com Ll\u00e1manos +502 3128 8779 Equipo de Ventas Ileana Iglesias Gerente comercial ileana.iglesias@epsilonpkg.com +502 3128 8779 Marie Beltethon KAM North America marie.beltethon@epsilonpkg.com +1 (347) 791-3429","og_url":"https:\/\/epsilonpkg.com\/es\/contactanos\/","og_site_name":"Epsilon","article_modified_time":"2025-07-03T14:59:49+00:00","twitter_card":"summary_large_image","twitter_misc":{"Tiempo de lectura":"1 minuto"},"schema":{"@context":"https:\/\/schema.org","@graph":[{"@type":"WebPage","@id":"https:\/\/epsilonpkg.com\/es\/contactanos\/","url":"https:\/\/epsilonpkg.com\/es\/contactanos\/","name":"Cont\u00e1ctanos - Epsilon","isPartOf":{"@id":"https:\/\/epsilonpkg.com\/es\/#website"},"datePublished":"2024-12-26T17:59:15+00:00","dateModified":"2025-07-03T14:59:49+00:00","breadcrumb":{"@id":"https:\/\/epsilonpkg.com\/es\/contactanos\/#breadcrumb"},"inLanguage":"es","potentialAction":[{"@type":"ReadAction","target":["https:\/\/epsilonpkg.com\/es\/contactanos\/"]}]},{"@type":"BreadcrumbList","@id":"https:\/\/epsilonpkg.com\/es\/contactanos\/#breadcrumb","itemListElement":[{"@type":"ListItem","position":1,"name":"Portada","item":"https:\/\/epsilonpkg.com\/es\/"},{"@type":"ListItem","position":2,"name":"Cont\u00e1ctanos"}]},{"@type":"WebSite","@id":"https:\/\/epsilonpkg.com\/es\/#website","url":"https:\/\/epsilonpkg.com\/es\/","name":"Epsilon","description":"Soluciones de Empaque","publisher":{"@id":"https:\/\/epsilonpkg.com\/es\/#organization"},"potentialAction":[{"@type":"SearchAction","target":{"@type":"EntryPoint","urlTemplate":"https:\/\/epsilonpkg.com\/es\/?s={search_term_string}"},"query-input":{"@type":"PropertyValueSpecification","valueRequired":true,"valueName":"search_term_string"}}],"inLanguage":"es"},{"@type":"Organization","@id":"https:\/\/epsilonpkg.com\/es\/#organization","name":"Epsilon","url":"https:\/\/epsilonpkg.com\/es\/","logo":{"@type":"ImageObject","inLanguage":"es","@id":"https:\/\/epsilonpkg.com\/es\/#\/schema\/logo\/image\/","url":"https:\/\/epsilonpkg.com\/es\/wp-content\/uploads\/2024\/12\/cropped-Logo-Epsilon-blanco.png","contentUrl":"https:\/\/epsilonpkg.com\/es\/wp-content\/uploads\/2024\/12\/cropped-Logo-Epsilon-blanco.png","width":1200,"height":550,"caption":"Epsilon"},"image":{"@id":"https:\/\/epsilonpkg.com\/es\/#\/schema\/logo\/image\/"}}]}},"_links":{"self":[{"href":"https:\/\/epsilonpkg.com\/es\/wp-json\/wp\/v2\/pages\/71","targetHints":{"allow":["GET"]}}],"collection":[{"href":"https:\/\/epsilonpkg.com\/es\/wp-json\/wp\/v2\/pages"}],"about":[{"href":"https:\/\/epsilonpkg.com\/es\/wp-json\/wp\/v2\/types\/page"}],"author":[{"embeddable":true,"href":"https:\/\/epsilonpkg.com\/es\/wp-json\/wp\/v2\/users\/1"}],"replies":[{"embeddable":true,"href":"https:\/\/epsilonpkg.com\/es\/wp-json\/wp\/v2\/comments?post=71"}],"version-history":[{"count":2,"href":"https:\/\/epsilonpkg.com\/es\/wp-json\/wp\/v2\/pages\/71\/revisions"}],"predecessor-version":[{"id":117,"href":"https:\/\/epsilonpkg.com\/es\/wp-json\/wp\/v2\/pages\/71\/revisions\/117"}],"wp:attachment":[{"href":"https:\/\/epsilonpkg.com\/es\/wp-json\/wp\/v2\/media?parent=71"}],"curies":[{"name":"wp","href":"https:\/\/api.w.org\/{rel}","templated":true}]}}